{"id":623,"date":"2023-03-13T08:59:30","date_gmt":"2023-03-13T07:59:30","guid":{"rendered":"https:\/\/hemleccy.com\/?page_id=623"},"modified":"2023-03-13T09:42:56","modified_gmt":"2023-03-13T08:42:56","slug":"subwencje-i-dotacje","status":"publish","type":"page","link":"https:\/\/hemleccy.com\/en\/subwencje-i-dotacje\/","title":{"rendered":"Subwencje i dotacje"},"content":{"rendered":"\n<p>Hemleccy Sp\u00f3\u0142ka z o.o. i Hemleccy Sp\u00f3\u0142ka sp. z o.o. Sp. komandytowa korzystaj\u0105 z subwencji finansowej w ramach programu rz\u0105dowego &#8220;Tarcza Finansowa Polskiego Funduszu Rozwoju dla Ma\u0142ych i \u015arednich Firm&#8221;.\u00a0<\/p>\n","protected":false},"excerpt":{"rendered":"<p>Hemleccy Sp\u00f3\u0142ka z o.o. i Hemleccy Sp\u00f3\u0142ka sp. z o.o. Sp. komandytowa korzystaj\u0105 z subwencji finansowej w ramach programu rz\u0105dowego &#8220;Tarcza Finansowa Polskiego Funduszu Rozwoju dla Ma\u0142ych i \u015arednich Firm&#8221;.\u00a0<\/p>\n","protected":false},"author":1,"featured_media":0,"parent":0,"menu_order":0,"comment_status":"closed","ping_status":"closed","template":"","meta":{"_acf_changed":false,"_exactmetrics_skip_tracking":false,"_exactmetrics_sitenote_active":false,"_exactmetrics_sitenote_note":"","_exactmetrics_sitenote_category":0,"_monsterinsights_skip_tracking":false,"_monsterinsights_sitenote_active":false,"_monsterinsights_sitenote_note":"","_monsterinsights_sitenote_category":0,"footnotes":""},"class_list":["post-623","page","type-page","status-publish","hentry"],"acf":[],"_links":{"self":[{"href":"https:\/\/hemleccy.com\/en\/wp-json\/wp\/v2\/pages\/623","targetHints":{"allow":["GET"]}}],"collection":[{"href":"https:\/\/hemleccy.com\/en\/wp-json\/wp\/v2\/pages"}],"about":[{"href":"https:\/\/hemleccy.com\/en\/wp-json\/wp\/v2\/types\/page"}],"author":[{"embeddable":true,"href":"https:\/\/hemleccy.com\/en\/wp-json\/wp\/v2\/users\/1"}],"replies":[{"embeddable":true,"href":"https:\/\/hemleccy.com\/en\/wp-json\/wp\/v2\/comments?post=623"}],"version-history":[{"count":3,"href":"https:\/\/hemleccy.com\/en\/wp-json\/wp\/v2\/pages\/623\/revisions"}],"predecessor-version":[{"id":629,"href":"https:\/\/hemleccy.com\/en\/wp-json\/wp\/v2\/pages\/623\/revisions\/629"}],"wp:attachment":[{"href":"https:\/\/hemleccy.com\/en\/wp-json\/wp\/v2\/media?parent=623"}],"curies":[{"name":"wp","href":"https:\/\/api.w.org\/{rel}","templated":true}]}}