{"id":291,"date":"2018-06-05T09:40:59","date_gmt":"2018-06-05T07:40:59","guid":{"rendered":"https:\/\/hemleccy.com\/?page_id=291"},"modified":"2022-03-31T15:12:59","modified_gmt":"2022-03-31T13:12:59","slug":"rodo","status":"publish","type":"page","link":"https:\/\/hemleccy.com\/en\/rodo\/","title":{"rendered":"(Polski) RODO"},"content":{"rendered":"<p><strong>POLITYKA PRYWATNO\u015aCI<\/strong><\/p>\n<p><strong>Podstawowe informacje<\/strong><\/p>\n<p>Administratorem danych osobowych, kt\u00f3rych zasady przetwarzania opisujemy poni\u017cej, s\u0105 sp\u00f3\u0142ki Hemleccy sp. z o.o. oraz Hemleccy sp. z o.o. sp.k., tworz\u0105ce razem <strong>Hemlecki Group<\/strong>. Aby si\u0119 z nami skontaktowa\u0107, nale\u017cy wys\u0142a\u0107 wiadomo\u015b\u0107 na adres: info@hemleccy.com lub poczt\u0105 tradycyjn\u0105 na adres siedziby danej sp\u00f3\u0142ki.<\/p>\n<p>W niniejszej Polityce prywatno\u015bci przedstawiamy najwa\u017cniejsze informacje dotycz\u0105ce przetwarzania przez nas danych osobowych. Wskazujemy jakie dane gromadzimy, w jakich celach, na jakiej podstawie prawnej oraz jak d\u0142ugo je przechowujemy. Informujemy r\u00f3wnie\u017c, jakie prawa przys\u0142uguj\u0105 osobom, kt\u00f3rych dane przetwarzamy.<\/p>\n<p>Dba\u0142o\u015b\u0107 o nale\u017cyt\u0105 ochron\u0119 danych osobowych przetwarzanych przez <strong>Hemlecki Group<\/strong> jest jednym z naszych priorytet\u00f3w. Dok\u0142adamy stara\u0144, aby ka\u017cda operacja dotycz\u0105ca danych osobowych by\u0142a faktycznie niezb\u0119dna i odbywa\u0142a si\u0119 z poszanowaniem praw os\u00f3b, kt\u00f3rych dane dotycz\u0105.<\/p>\n<p><strong>Gdzie i jak przetwarzamy dane<\/strong><\/p>\n<p>W<strong> Hemlecki Group<\/strong> przetwarzamy dane osobowe przede wszystkim w formie elektronicznej \u2013 na naszych komputerach i urz\u0105dzeniach oraz na wynajmowanych serwerach. Korzystamy z narz\u0119dzi do zarz\u0105dzania relacjami, poczty e-mail i chmury do przechowywania plik\u00f3w. Cz\u0119\u015b\u0107 danych przechowujemy w formie dokumentacji papierowej.<\/p>\n<p><strong>Jakie dane gromadzimy i w jakim celu<\/strong><\/p>\n<p>W zwi\u0105zku ze \u015bwiadczonymi przez <strong>Hemlecki Group<\/strong> us\u0142ugami gromadzimy dane osobowe naszych klient\u00f3w i kontrahent\u00f3w, ich reprezentant\u00f3w oraz ich personel. Dane te mog\u0105 obejmowa\u0107 imi\u0119 i nazwisko, adres, numer telefonu, adres poczty email, NIP, REGON, PESEL, nr rachunku bankowego. W stosunku do os\u00f3b korzystaj\u0105cych z naszej strony internetowej gromadzimy podstawowe informacje dotycz\u0105ce ruchu na stronie, kt\u00f3re mog\u0105 obejmowa\u0107 nr IP, przy czym zakres gromadzonych danych nie pozwala na identyfikacj\u0119 danej osoby. Co do zasady nie przetwarzamy danych wra\u017cliwych.<\/p>\n<p>Dane osobowe przetwarzamy w celach:<\/p>\n<ul>\n<li>wykonania us\u0142ugi,<\/li>\n<li>realizacji obowi\u0105zk\u00f3w prawnych spoczywaj\u0105cych na <strong>Hemlecki Group<\/strong> (w szczeg\u00f3lno\u015bci rachunkowo-podatkowych),<\/li>\n<li>wynikaj\u0105cych z prawnie uzasadnionych interes\u00f3w realizowanych przez <strong>Hemlecki Group<\/strong> (w szczeg\u00f3lno\u015bci ochrona przed ewentualnymi roszczeniami i marketing bezpo\u015bredni).<\/li>\n<\/ul>\n<p><strong>\u00a0<\/strong><\/p>\n<p><strong>Okres przetwarzania danych<\/strong><\/p>\n<p>Ze wzgl\u0119du na obowi\u0105zki prawne spoczywaj\u0105ce na <strong>Hemlecki Group<\/strong> w zakresie przechowywania dokumentacji do cel\u00f3w podatkowych, dane osobowe s\u0105 przetwarzane przez co najmniej 6 lat, licz\u0105c od ko\u0144ca roku, w kt\u00f3rym dana us\u0142uga zosta\u0142a wykonana. W szczeg\u00f3lnych przypadkach mo\u017ce doj\u015b\u0107 do wyd\u0142u\u017cenia tego okresu, np. ze wzgl\u0119du na konieczno\u015b\u0107 obrony przed roszczeniami na drodze s\u0105dowej.<\/p>\n<p>Podejmujemy starania, aby po zako\u0144czeniu us\u0142ugi zwraca\u0107 wszystkie otrzymane dokumenty i trwale usuwa\u0107 te dane, kt\u00f3rych dalsze przetwarzanie nie jest niezb\u0119dne dla realizacji ww. cel\u00f3w.<\/p>\n<p><strong>Komu powierzamy dane<\/strong><\/p>\n<p>W bie\u017c\u0105cej dzia\u0142alno\u015bci<strong> Hemlecki Group<\/strong> korzystamy z us\u0142ug podmiot\u00f3w zewn\u0119trznych w zakresie us\u0142ug informatycznych, ksi\u0119gowych, prawnych, marketingu oraz podwykonawc\u00f3w. S\u0105 to podmioty, z kt\u00f3rymi blisko wsp\u00f3\u0142pracujemy, a kt\u00f3re dzia\u0142aj\u0105 na podstawie um\u00f3w powierzenia i na r\u00f3wni z nami s\u0105 zobowi\u0105zane do ochrony danych osobowych.<\/p>\n<p><strong>Prawa os\u00f3b, kt\u00f3rych dane dotycz\u0105<\/strong><\/p>\n<p>Wszystkim osobom, kt\u00f3rych dane przetwarzamy, przys\u0142uguje prawo dost\u0119pu do tre\u015bci swoich danych, prawo uzyskania kopii danych, a tak\u017ce prawo \u017c\u0105dania sprostowania oraz \u2013 w okre\u015blonych przypadkach \u2013 usuni\u0119cia lub ograniczenia ich przetwarzania. Osobom, kt\u00f3rych dane przetwarzamy na podstawie naszego prawnie uzasadnionego interesu, przys\u0142uguje prawo do wniesienia sprzeciwu wobec przetwarzania. Je\u015bli przetwarzamy dane na podstawie zgody, mo\u017cna j\u0105 w ka\u017cdej chwili wycofa\u0107.<\/p>\n<p>Ka\u017cda osoba, kt\u00f3rej dane dotycz\u0105, ma r\u00f3wnie\u017c prawo wnie\u015b\u0107 skarg\u0119 do organu nadzorczego (np. do Prezesa Urz\u0119du Ochrony Danych Osobowych), je\u017celi s\u0105dzi, \u017ce przetwarzanie danych osobowych narusza jej prawa. Prosimy przy tym o zg\u0142aszanie wszelkich zastrze\u017ce\u0144 co do przetwarzania danych osobowych w <strong>Hemlecki Group <\/strong>r\u00f3wnie\u017c do nas, aby\u015bmy mogli jak najszybciej zareagowa\u0107 na jakiekolwiek nieprawid\u0142owo\u015bci.<\/p>\n<p>&#8212;<\/p>\n<p>Ta wersja Polityki prywatno\u015bci obowi\u0105zuje od 31 stycznia 2022 r.<\/p>\n","protected":false},"excerpt":{"rendered":"<p>POLITYKA PRYWATNO\u015aCI Podstawowe informacje Administratorem danych osobowych, kt\u00f3rych zasady przetwarzania opisujemy poni\u017cej, s\u0105 sp\u00f3\u0142ki Hemleccy sp. z o.o. oraz Hemleccy sp. z o.o. sp.k., tworz\u0105ce razem Hemlecki Group. Aby si\u0119 z nami skontaktowa\u0107, nale\u017cy wys\u0142a\u0107 wiadomo\u015b\u0107 na adres: info@hemleccy.com lub poczt\u0105 tradycyjn\u0105 na adres siedziby danej sp\u00f3\u0142ki. W niniejszej Polityce prywatno\u015bci przedstawiamy najwa\u017cniejsze informacje dotycz\u0105ce [&hellip;]<\/p>\n","protected":false},"author":1,"featured_media":0,"parent":0,"menu_order":0,"comment_status":"closed","ping_status":"closed","template":"","meta":{"_acf_changed":false,"_exactmetrics_skip_tracking":false,"_exactmetrics_sitenote_active":false,"_exactmetrics_sitenote_note":"","_exactmetrics_sitenote_category":0,"_monsterinsights_skip_tracking":false,"_monsterinsights_sitenote_active":false,"_monsterinsights_sitenote_note":"","_monsterinsights_sitenote_category":0,"footnotes":""},"class_list":["post-291","page","type-page","status-publish","hentry"],"acf":[],"_links":{"self":[{"href":"https:\/\/hemleccy.com\/en\/wp-json\/wp\/v2\/pages\/291","targetHints":{"allow":["GET"]}}],"collection":[{"href":"https:\/\/hemleccy.com\/en\/wp-json\/wp\/v2\/pages"}],"about":[{"href":"https:\/\/hemleccy.com\/en\/wp-json\/wp\/v2\/types\/page"}],"author":[{"embeddable":true,"href":"https:\/\/hemleccy.com\/en\/wp-json\/wp\/v2\/users\/1"}],"replies":[{"embeddable":true,"href":"https:\/\/hemleccy.com\/en\/wp-json\/wp\/v2\/comments?post=291"}],"version-history":[{"count":2,"href":"https:\/\/hemleccy.com\/en\/wp-json\/wp\/v2\/pages\/291\/revisions"}],"predecessor-version":[{"id":605,"href":"https:\/\/hemleccy.com\/en\/wp-json\/wp\/v2\/pages\/291\/revisions\/605"}],"wp:attachment":[{"href":"https:\/\/hemleccy.com\/en\/wp-json\/wp\/v2\/media?parent=291"}],"curies":[{"name":"wp","href":"https:\/\/api.w.org\/{rel}","templated":true}]}}