{"id":15,"date":"2016-12-04T23:06:15","date_gmt":"2016-12-04T22:06:15","guid":{"rendered":"http:\/\/pauseh1.ayz.pl\/hemlecki\/?page_id=15"},"modified":"2021-10-01T13:28:00","modified_gmt":"2021-10-01T11:28:00","slug":"aktualnosci","status":"publish","type":"page","link":"https:\/\/hemleccy.com\/en\/aktualnosci\/","title":{"rendered":"News"},"content":{"rendered":"25.03.2020<\/p>\n<p>In connection with the introduction of the epidemic, we change date of a cyclical conference for employees of Insurance Companies, which we prepared together with our colleagues from other liquidation companies. We will inform interested about the new date. &#8221;<\/p>\n22.05.2019<\/p>\n<p>Last Sunday, our president Grzegorz Hemlecki &#8211; a member of the Golf Park Miko\u0142\u00f3w club took second place in the HCP 26-36 group in the World Amateur Golfers Championship qualifying tournament, thereby advancing to the national finals, whose winners will represent our country at the world championships. We are also pleased to inform that Grzegorz Mo\u0107ko &#8211; also a member of Golf Park Miko\u0142\u00f3w club &#8211; took the first place in the HCP 21-25 group. Marek Jelonek, head of Golf Park Miko\u0142\u00f3w training, was unrivaled in his category. Congratulations to all and good luck in the next stage.<\/p>\n<p><img loading=\"lazy\" decoding=\"async\" class=\"aligncenter size-large wp-image-463\" src=\"https:\/\/hemleccy.com\/wp-content\/uploads\/2019\/05\/Word-Amateur-Golfers-Championship-05-1024x680.jpg\" alt=\"\" width=\"625\" height=\"415\" srcset=\"https:\/\/hemleccy.com\/wp-content\/uploads\/2019\/05\/Word-Amateur-Golfers-Championship-05-1024x680.jpg 1024w, https:\/\/hemleccy.com\/wp-content\/uploads\/2019\/05\/Word-Amateur-Golfers-Championship-05-300x199.jpg 300w, https:\/\/hemleccy.com\/wp-content\/uploads\/2019\/05\/Word-Amateur-Golfers-Championship-05-768x510.jpg 768w, https:\/\/hemleccy.com\/wp-content\/uploads\/2019\/05\/Word-Amateur-Golfers-Championship-05-624x415.jpg 624w\" sizes=\"auto, (max-width: 625px) 100vw, 625px\" \/><\/p>\n<p>15.03.2019<\/p>\n<p>We are pleased to inform you that our company was once again a partner in the organization of a specialized conference dedicated to damages liquidation employees<br \/>\nin insurance companies. This time on 06-08.03 it took place<br \/>\nin the charming Bieszczady Mountains in the Ar\u0142am\u00f3w hotel. We presented<br \/>\nissues regarding damage to objects due to vibration, damage to water and sewage installations and networks as well as roads, pavements and engineering objects.<br \/>\nWe invite you &#8211; the next edition will be in a year.<\/p>\n<p><img loading=\"lazy\" decoding=\"async\" class=\"aligncenter size-large wp-image-326\" src=\"https:\/\/hemleccy.com\/wp-content\/uploads\/2019\/03\/20190307_091512-1024x576.jpg\" alt=\"\" width=\"625\" height=\"352\" srcset=\"https:\/\/hemleccy.com\/wp-content\/uploads\/2019\/03\/20190307_091512-1024x576.jpg 1024w, https:\/\/hemleccy.com\/wp-content\/uploads\/2019\/03\/20190307_091512-300x169.jpg 300w, https:\/\/hemleccy.com\/wp-content\/uploads\/2019\/03\/20190307_091512-768x432.jpg 768w, https:\/\/hemleccy.com\/wp-content\/uploads\/2019\/03\/20190307_091512-624x351.jpg 624w\" sizes=\"auto, (max-width: 625px) 100vw, 625px\" \/><img loading=\"lazy\" decoding=\"async\" class=\"aligncenter size-large wp-image-327\" src=\"https:\/\/hemleccy.com\/wp-content\/uploads\/2019\/03\/20190307_141045-1024x576.jpg\" alt=\"\" width=\"625\" height=\"352\" srcset=\"https:\/\/hemleccy.com\/wp-content\/uploads\/2019\/03\/20190307_141045-1024x576.jpg 1024w, https:\/\/hemleccy.com\/wp-content\/uploads\/2019\/03\/20190307_141045-300x169.jpg 300w, https:\/\/hemleccy.com\/wp-content\/uploads\/2019\/03\/20190307_141045-768x432.jpg 768w, https:\/\/hemleccy.com\/wp-content\/uploads\/2019\/03\/20190307_141045-624x351.jpg 624w\" sizes=\"auto, (max-width: 625px) 100vw, 625px\" \/><\/p>\n<p>25.02.2019<\/p>\n<p><span class=\"tlid-translation translation\"><span title=\"\">We are pleased to announce that our company is preparing another industry conference dedicated to employees of loss adjustment in insurance companies, which will take place in the first week of March in the Ar\u0142am\u00f3w hotel in Bieszczady. <\/span><\/span><\/p>\n<p>12.06.2018<\/p>\n<p><img loading=\"lazy\" decoding=\"async\" class=\"aligncenter size-medium wp-image-298\" src=\"https:\/\/hemleccy.com\/wp-content\/uploads\/2018\/06\/mostostal-212x300.png\" alt=\"\" width=\"212\" height=\"300\" srcset=\"https:\/\/hemleccy.com\/wp-content\/uploads\/2018\/06\/mostostal-212x300.png 212w, https:\/\/hemleccy.com\/wp-content\/uploads\/2018\/06\/mostostal-768x1086.png 768w, https:\/\/hemleccy.com\/wp-content\/uploads\/2018\/06\/mostostal-724x1024.png 724w, https:\/\/hemleccy.com\/wp-content\/uploads\/2018\/06\/mostostal-624x882.png 624w, https:\/\/hemleccy.com\/wp-content\/uploads\/2018\/06\/mostostal.png 1417w\" sizes=\"auto, (max-width: 212px) 100vw, 212px\" \/>Recently the Katowice School of Technology organized a competition for development of land situated in the area of streets: Strzelc\u00f3w Bytomskich and D\u0105browa Miejska in Bytom. Applications should have been sent by 30\/04\/2018. Over the following weeks, the jury, which included our vice-president Adam Hemlecki, selected the winners of the competition. Congratulations to the winners and we are glad that a member of the management board of our company has been invited to such a task.<\/p>\n<p>Details of the competition:<br \/>\nhttp:\/\/www.wst.com.pl\/strefa\/konkurs<\/p>\n<p>Results:<br \/>\nhttp:\/\/www.wst.com.pl\/news\/wyniki_konkursu_-22_05_18\/651","protected":false},"excerpt":{"rendered":"<p>25.03.2020 In connection with the introduction of the epidemic, we change date of a cyclical conference for employees of Insurance Companies, which we prepared together with our colleagues from other liquidation companies. We will inform interested about the new date. &#8221; 22.05.2019 Last Sunday, our president Grzegorz Hemlecki &#8211; a member of the Golf Park [&hellip;]<\/p>\n","protected":false},"author":1,"featured_media":0,"parent":0,"menu_order":0,"comment_status":"closed","ping_status":"closed","template":"","meta":{"_acf_changed":false,"_exactmetrics_skip_tracking":false,"_exactmetrics_sitenote_active":false,"_exactmetrics_sitenote_note":"","_exactmetrics_sitenote_category":0,"_monsterinsights_skip_tracking":false,"_monsterinsights_sitenote_active":false,"_monsterinsights_sitenote_note":"","_monsterinsights_sitenote_category":0,"footnotes":""},"class_list":["post-15","page","type-page","status-publish","hentry"],"acf":[],"_links":{"self":[{"href":"https:\/\/hemleccy.com\/en\/wp-json\/wp\/v2\/pages\/15","targetHints":{"allow":["GET"]}}],"collection":[{"href":"https:\/\/hemleccy.com\/en\/wp-json\/wp\/v2\/pages"}],"about":[{"href":"https:\/\/hemleccy.com\/en\/wp-json\/wp\/v2\/types\/page"}],"author":[{"embeddable":true,"href":"https:\/\/hemleccy.com\/en\/wp-json\/wp\/v2\/users\/1"}],"replies":[{"embeddable":true,"href":"https:\/\/hemleccy.com\/en\/wp-json\/wp\/v2\/comments?post=15"}],"version-history":[{"count":21,"href":"https:\/\/hemleccy.com\/en\/wp-json\/wp\/v2\/pages\/15\/revisions"}],"predecessor-version":[{"id":625,"href":"https:\/\/hemleccy.com\/en\/wp-json\/wp\/v2\/pages\/15\/revisions\/625"}],"wp:attachment":[{"href":"https:\/\/hemleccy.com\/en\/wp-json\/wp\/v2\/media?parent=15"}],"curies":[{"name":"wp","href":"https:\/\/api.w.org\/{rel}","templated":true}]}}